{"id":6172,"date":"2021-02-28T00:35:32","date_gmt":"2021-02-27T22:35:32","guid":{"rendered":"https:\/\/www.demenegas.gr\/systemes-coulissants\/"},"modified":"2021-02-28T00:35:49","modified_gmt":"2021-02-27T22:35:49","slug":"systemes-coulissants","status":"publish","type":"page","link":"https:\/\/www.demenegas.gr\/fr\/systemes-coulissants\/","title":{"rendered":"Syst\u00e8mes coulissants"},"content":{"rendered":"<p>[et_pb_section fb_built=\u00a0\u00bb1&Prime; fullwidth=\u00a0\u00bbon\u00a0\u00bb admin_label=\u00a0\u00bb\u03a4\u03bc\u03ae\u03bc\u03b1\u00a0\u00bb _builder_version=\u00a0\u00bb3.22&Prime;][et_pb_fullwidth_header title=\u00a0\u00bbSyst\u00e8mes coulissants\u00a0\u00bb content_max_width=\u00a0\u00bbnone\u00a0\u00bb admin_label=\u00a0\u00bb\u039a\u03b5\u03c6\u03b1\u03bb\u03af\u03b4\u03b1 \u03c0\u03bb\u03ae\u03c1\u03bf\u03c5\u03c2 \u03c0\u03bb\u03ac\u03c4\u03bf\u03c5\u03c2\u00a0\u00bb _builder_version=\u00a0\u00bb3.16&Prime; background_color=\u00a0\u00bbrgba(255, 255, 255, 0)\u00a0\u00bb background_image=\u00a0\u00bbhttps:\/\/www.demenegas.gr\/wp-content\/uploads\/2017\/02\/generic.jpg\u00a0\u00bb background_url=\u00a0\u00bbhttps:\/\/www.demenegas.gr\/wp-content\/uploads\/2017\/02\/generic.jpg\u00a0\u00bb button_one_letter_spacing_hover=\u00a0\u00bb0&Prime; button_two_letter_spacing_hover=\u00a0\u00bb0&Prime; button_one_text_size__hover_enabled=\u00a0\u00bboff\u00a0\u00bb button_two_text_size__hover_enabled=\u00a0\u00bboff\u00a0\u00bb button_one_text_color__hover_enabled=\u00a0\u00bboff\u00a0\u00bb button_two_text_color__hover_enabled=\u00a0\u00bboff\u00a0\u00bb button_one_border_width__hover_enabled=\u00a0\u00bboff\u00a0\u00bb button_two_border_width__hover_enabled=\u00a0\u00bboff\u00a0\u00bb button_one_border_color__hover_enabled=\u00a0\u00bboff\u00a0\u00bb button_two_border_color__hover_enabled=\u00a0\u00bboff\u00a0\u00bb button_one_border_radius__hover_enabled=\u00a0\u00bboff\u00a0\u00bb button_two_border_radius__hover_enabled=\u00a0\u00bboff\u00a0\u00bb button_one_letter_spacing__hover_enabled=\u00a0\u00bbon\u00a0\u00bb button_one_letter_spacing__hover=\u00a0\u00bb0&Prime; button_two_letter_spacing__hover_enabled=\u00a0\u00bbon\u00a0\u00bb button_two_letter_spacing__hover=\u00a0\u00bb0&Prime; button_one_bg_color__hover_enabled=\u00a0\u00bboff\u00a0\u00bb button_two_bg_color__hover_enabled=\u00a0\u00bboff\u00a0\u00bb] [\/et_pb_fullwidth_header][\/et_pb_section][et_pb_section fb_built=\u00a0\u00bb1&Prime; admin_label=\u00a0\u00bbsection\u00a0\u00bb _builder_version=\u00a0\u00bb3.22&Prime;][et_pb_row column_structure=\u00a0\u00bb1_2,1_2&Prime; admin_label=\u00a0\u00bb\u03a3\u03b5\u03b9\u03c1\u03ac\u00a0\u00bb _builder_version=\u00a0\u00bb3.25&Prime; background_size=\u00a0\u00bbinitial\u00a0\u00bb background_position=\u00a0\u00bbtop_left\u00a0\u00bb background_repeat=\u00a0\u00bbrepeat\u00a0\u00bb][et_pb_column type=\u00a0\u00bb1_2&Prime; _builder_version=\u00a0\u00bb3.25&Prime; custom_padding=\u00a0\u00bb|||\u00a0\u00bb custom_padding__hover=\u00a0\u00bb|||\u00a0\u00bb][et_pb_slider admin_label=\u00a0\u00bbSlider\u00a0\u00bb _builder_version=\u00a0\u00bb3.16&Prime; custom_padding=\u00a0\u00bb|||\u00a0\u00bb custom_padding_tablet=\u00a0\u00bb|||\u00a0\u00bb custom_padding_phone=\u00a0\u00bb|||\u00a0\u00bb custom_css_main_element=\u00a0\u00bbmax-height: 400px;\u00a0\u00bb box_shadow_style=\u00a0\u00bbpreset6&Prime; box_shadow_blur=\u00a0\u00bb10px\u00a0\u00bb box_shadow_color=\u00a0\u00bbrgba(0,0,0,0.1)\u00a0\u00bb remove_inner_shadow=\u00a0\u00bboff\u00a0\u00bb hide_content_on_mobile=\u00a0\u00bboff\u00a0\u00bb hide_cta_on_mobile=\u00a0\u00bboff\u00a0\u00bb show_inner_shadow=\u00a0\u00bbon\u00a0\u00bb button_letter_spacing_hover=\u00a0\u00bb0&Prime; button_text_size__hover_enabled=\u00a0\u00bboff\u00a0\u00bb button_one_text_size__hover_enabled=\u00a0\u00bboff\u00a0\u00bb button_two_text_size__hover_enabled=\u00a0\u00bboff\u00a0\u00bb button_text_color__hover_enabled=\u00a0\u00bboff\u00a0\u00bb button_one_text_color__hover_enabled=\u00a0\u00bboff\u00a0\u00bb button_two_text_color__hover_enabled=\u00a0\u00bboff\u00a0\u00bb button_border_width__hover_enabled=\u00a0\u00bboff\u00a0\u00bb button_one_border_width__hover_enabled=\u00a0\u00bboff\u00a0\u00bb button_two_border_width__hover_enabled=\u00a0\u00bboff\u00a0\u00bb button_border_color__hover_enabled=\u00a0\u00bboff\u00a0\u00bb button_one_border_color__hover_enabled=\u00a0\u00bboff\u00a0\u00bb button_two_border_color__hover_enabled=\u00a0\u00bboff\u00a0\u00bb button_border_radius__hover_enabled=\u00a0\u00bboff\u00a0\u00bb button_one_border_radius__hover_enabled=\u00a0\u00bboff\u00a0\u00bb button_two_border_radius__hover_enabled=\u00a0\u00bboff\u00a0\u00bb button_letter_spacing__hover_enabled=\u00a0\u00bbon\u00a0\u00bb button_letter_spacing__hover=\u00a0\u00bb0&Prime; button_one_letter_spacing__hover_enabled=\u00a0\u00bboff\u00a0\u00bb button_two_letter_spacing__hover_enabled=\u00a0\u00bboff\u00a0\u00bb button_bg_color__hover_enabled=\u00a0\u00bboff\u00a0\u00bb button_one_bg_color__hover_enabled=\u00a0\u00bboff\u00a0\u00bb button_two_bg_color__hover_enabled=\u00a0\u00bboff\u00a0\u00bb][et_pb_slide heading=\u00a0\u00bbEL 6700&Prime; use_bg_overlay=\u00a0\u00bboff\u00a0\u00bb use_text_overlay=\u00a0\u00bboff\u00a0\u00bb _builder_version=\u00a0\u00bb3.16&Prime; header_font=\u00a0\u00bb||||\u00a0\u00bb body_font=\u00a0\u00bb||||\u00a0\u00bb background_color=\u00a0\u00bb#ffffff\u00a0\u00bb background_image=\u00a0\u00bbhttps:\/\/www.demenegas.gr\/wp-content\/uploads\/2017\/02\/1-1.jpg\u00a0\u00bb button_icon_placement=\u00a0\u00bbright\u00a0\u00bb button_on_hover=\u00a0\u00bbon\u00a0\u00bb button_text_size__hover_enabled=\u00a0\u00bboff\u00a0\u00bb button_one_text_size__hover_enabled=\u00a0\u00bboff\u00a0\u00bb button_two_text_size__hover_enabled=\u00a0\u00bboff\u00a0\u00bb button_text_color__hover_enabled=\u00a0\u00bboff\u00a0\u00bb button_one_text_color__hover_enabled=\u00a0\u00bboff\u00a0\u00bb button_two_text_color__hover_enabled=\u00a0\u00bboff\u00a0\u00bb button_border_width__hover_enabled=\u00a0\u00bboff\u00a0\u00bb button_one_border_width__hover_enabled=\u00a0\u00bboff\u00a0\u00bb button_two_border_width__hover_enabled=\u00a0\u00bboff\u00a0\u00bb button_border_color__hover_enabled=\u00a0\u00bboff\u00a0\u00bb button_one_border_color__hover_enabled=\u00a0\u00bboff\u00a0\u00bb button_two_border_color__hover_enabled=\u00a0\u00bboff\u00a0\u00bb button_border_radius__hover_enabled=\u00a0\u00bboff\u00a0\u00bb button_one_border_radius__hover_enabled=\u00a0\u00bboff\u00a0\u00bb button_two_border_radius__hover_enabled=\u00a0\u00bboff\u00a0\u00bb button_letter_spacing__hover_enabled=\u00a0\u00bboff\u00a0\u00bb button_one_letter_spacing__hover_enabled=\u00a0\u00bboff\u00a0\u00bb button_two_letter_spacing__hover_enabled=\u00a0\u00bboff\u00a0\u00bb button_bg_color__hover_enabled=\u00a0\u00bboff\u00a0\u00bb button_one_bg_color__hover_enabled=\u00a0\u00bboff\u00a0\u00bb button_two_bg_color__hover_enabled=\u00a0\u00bboff\u00a0\u00bb sticky_transition=\u00a0\u00bbon\u00a0\u00bb] [\/et_pb_slide][et_pb_slide heading=\u00a0\u00bbEL 6800 Optimum\u00a0\u00bb use_bg_overlay=\u00a0\u00bboff\u00a0\u00bb use_text_overlay=\u00a0\u00bboff\u00a0\u00bb _builder_version=\u00a0\u00bb3.16&Prime; header_font=\u00a0\u00bb||||\u00a0\u00bb body_font=\u00a0\u00bb||||\u00a0\u00bb background_color=\u00a0\u00bb#ffffff\u00a0\u00bb background_image=\u00a0\u00bbhttps:\/\/www.demenegas.gr\/wp-content\/uploads\/2017\/02\/EL-5600.jpg\u00a0\u00bb button_icon_placement=\u00a0\u00bbright\u00a0\u00bb button_on_hover=\u00a0\u00bbon\u00a0\u00bb button_text_size__hover_enabled=\u00a0\u00bboff\u00a0\u00bb button_one_text_size__hover_enabled=\u00a0\u00bboff\u00a0\u00bb button_two_text_size__hover_enabled=\u00a0\u00bboff\u00a0\u00bb button_text_color__hover_enabled=\u00a0\u00bboff\u00a0\u00bb button_one_text_color__hover_enabled=\u00a0\u00bboff\u00a0\u00bb button_two_text_color__hover_enabled=\u00a0\u00bboff\u00a0\u00bb button_border_width__hover_enabled=\u00a0\u00bboff\u00a0\u00bb button_one_border_width__hover_enabled=\u00a0\u00bboff\u00a0\u00bb button_two_border_width__hover_enabled=\u00a0\u00bboff\u00a0\u00bb button_border_color__hover_enabled=\u00a0\u00bboff\u00a0\u00bb button_one_border_color__hover_enabled=\u00a0\u00bboff\u00a0\u00bb button_two_border_color__hover_enabled=\u00a0\u00bboff\u00a0\u00bb button_border_radius__hover_enabled=\u00a0\u00bboff\u00a0\u00bb button_one_border_radius__hover_enabled=\u00a0\u00bboff\u00a0\u00bb button_two_border_radius__hover_enabled=\u00a0\u00bboff\u00a0\u00bb button_letter_spacing__hover_enabled=\u00a0\u00bboff\u00a0\u00bb button_one_letter_spacing__hover_enabled=\u00a0\u00bboff\u00a0\u00bb button_two_letter_spacing__hover_enabled=\u00a0\u00bboff\u00a0\u00bb button_bg_color__hover_enabled=\u00a0\u00bboff\u00a0\u00bb button_one_bg_color__hover_enabled=\u00a0\u00bboff\u00a0\u00bb button_two_bg_color__hover_enabled=\u00a0\u00bboff\u00a0\u00bb sticky_transition=\u00a0\u00bbon\u00a0\u00bb] [\/et_pb_slide][\/et_pb_slider][\/et_pb_column][et_pb_column type=\u00a0\u00bb1_2&Prime; _builder_version=\u00a0\u00bb3.25&Prime; custom_padding=\u00a0\u00bb|||\u00a0\u00bb custom_padding__hover=\u00a0\u00bb|||\u00a0\u00bb][et_pb_text admin_label=\u00a0\u00bb\u039a\u03b5\u03af\u03bc\u03b5\u03bd\u03bf\u00a0\u00bb _builder_version=\u00a0\u00bb3.27.4&Prime; background_size=\u00a0\u00bbinitial\u00a0\u00bb background_position=\u00a0\u00bbtop_left\u00a0\u00bb background_repeat=\u00a0\u00bbrepeat\u00a0\u00bb use_border_color=\u00a0\u00bboff\u00a0\u00bb border_color=\u00a0\u00bb#ffffff\u00a0\u00bb border_style=\u00a0\u00bbsolid\u00a0\u00bb]Syst\u00e8mes coulissants en aluminium r\u00e9pondant \u00e0 toutes les exigences modernes. Fabriqu\u00e9 et certifi\u00e9 pour offrir:<\/p>\n<ul>\n<li>S\u00e9curit\u00e9<\/li>\n<li>Isolation thermique<\/li>\n<li>Perm\u00e9abilit\u00e9 \u00e0 l&rsquo;air<\/li>\n<li>Imperm\u00e9abilisation<\/li>\n<li>R\u00e9duction sonore<\/li>\n<\/ul>\n<p>&nbsp;<br \/>\n[\/et_pb_text][\/et_pb_column][\/et_pb_row][et_pb_row admin_label=\u00a0\u00bb\u03a3\u03b5\u03b9\u03c1\u03ac\u00a0\u00bb _builder_version=\u00a0\u00bb3.25&Prime; background_size=\u00a0\u00bbinitial\u00a0\u00bb background_position=\u00a0\u00bbtop_left\u00a0\u00bb background_repeat=\u00a0\u00bbrepeat\u00a0\u00bb][et_pb_column type=\u00a0\u00bb4_4&Prime; _builder_version=\u00a0\u00bb3.25&Prime; custom_padding=\u00a0\u00bb|||\u00a0\u00bb custom_padding__hover=\u00a0\u00bb|||\u00a0\u00bb][et_pb_tabs admin_label=\u00a0\u00bb\u039a\u03b1\u03c1\u03c4\u03ad\u03bb\u03b5\u03c2\u00a0\u00bb _builder_version=\u00a0\u00bb3.0.87&Prime; background_size=\u00a0\u00bbinitial\u00a0\u00bb background_position=\u00a0\u00bbtop_left\u00a0\u00bb background_repeat=\u00a0\u00bbrepeat\u00a0\u00bb use_border_color=\u00a0\u00bboff\u00a0\u00bb border_color=\u00a0\u00bb#ffffff\u00a0\u00bb border_style=\u00a0\u00bbsolid\u00a0\u00bb][et_pb_tab title=\u00a0\u00bbEL 6700 \u00a0\u00bb _builder_version=\u00a0\u00bb3.0.48&Prime; body_font=\u00a0\u00bb||||\u00a0\u00bb body_line_height=\u00a0\u00bb2em\u00a0\u00bb tab_font=\u00a0\u00bb||||\u00a0\u00bb tab_line_height=\u00a0\u00bb2em\u00a0\u00bb background_size=\u00a0\u00bbinitial\u00a0\u00bb background_position=\u00a0\u00bbtop_left\u00a0\u00bb background_repeat=\u00a0\u00bbrepeat\u00a0\u00bb body_line_height_tablet=\u00a0\u00bb2em\u00a0\u00bb body_line_height_phone=\u00a0\u00bb2em\u00a0\u00bb tab_line_height_tablet=\u00a0\u00bb2em\u00a0\u00bb tab_line_height_phone=\u00a0\u00bb2em\u00a0\u00bb]<strong>Le premier syst\u00e8me coulissant verticalement avec une r\u00e9sistance \u00e0 l\u2019effraction certifi\u00e9e et l\u2019\u00e9tanch\u00e9it\u00e9 dans une temp\u00eate de force 9 selon l\u2019\u00e9chelle de Beaufort par l\u2019institut allemand ift Rosenheim.<\/strong><\/p>\n<ul>\n<li>Variante simple coulissante et r\u00e9tractable pour une \u00e9tanch\u00e9it\u00e9 accrue<\/li>\n<li>Construction robuste avec une ligne \u00e9l\u00e9gante et simple<\/li>\n<li>R\u00e9sistance \u00e0 l&rsquo;effraction certifi\u00e9e <strong>WK2<\/strong><strong>. <\/strong> <\/li>\n<li>Possibilit\u00e9 d&rsquo;installer un m\u00e9canisme r\u00e9tractable (90 kg et 150 kg) ou simple coulissant.<\/li>\n<li>Coefficient de perm\u00e9abilit\u00e9 thermique Uw:<\/li>\n<\/ul>\n<p>La rupture thermique est obtenue en appliquant des tiges de polyamide renforc\u00e9es de verre de 24 mm, 22 mm et 18 mm.<\/p>\n<p>Excellentes performances dans <strong>\u00e9tanch\u00e9it\u00e9 jusqu&rsquo;\u00e0 300 Pa <\/strong><strong>  <\/strong><strong>(temp\u00eate 9 Beaufort )<\/strong> dans les dimensions maximales du cadre \u00e0 un vantail certifi\u00e9 avec fixe 3500 mm x 2300 mm (Ift Rosenheim)<\/p>\n<ul>\n<li>Pneus \u00e0 technologie EPDM<\/li>\n<li>D\u00e9filement fluide \u00e0 l&rsquo;aide d&rsquo;un guide en acier inoxydable<\/li>\n<li>Typologies:<\/li>\n<li>Dimensions du profil<\/li>\n<\/ul>\n<p>Cadre: largeur 50.9mm \u00e0 174.1mm \u2013 hauteur 47mm<\/p>\n<p>Ceinture: largeur 46mm \u2013 hauteur 85.5mm<\/p>\n<p>Sp\u00e9cifications des dimensions de construction<\/p>\n<p>Dimension maximale du vantail pour le m\u00e9canisme 150 kg<\/p>\n<p>Largeur 2000 mm-hauteur 2350 mm<\/p>\n<p>Dimension minimale de la feuille pour le m\u00e9canisme 150 kg<\/p>\n<p>Largeur 670 mm-hauteur 850 mm<\/p>\n<p>Dimension maximale de la feuille pour le m\u00e9canisme 90 kg<\/p>\n<p>Largeur 1900 mm-hauteur 2350 mm<\/p>\n<p>Dimension minimale de la feuille pour le m\u00e9canisme 90 kg<\/p>\n<p>Largeur 500 mm-hauteur 1250 mm<\/p>\n<p>Taille maximale de la feuille pour un seul glissement<\/p>\n<p>Largeur 2000 mm-hauteur 2350 mm<\/p>\n<p>Taille minimale de la feuille pour un seul glissement<\/p>\n<p>Largeur 300 mm-hauteur 400 mm<\/p>\n<p>Poids maximum de la feuille pour le m\u00e9canisme 150 kg<\/p>\n<p>150kg<\/p>\n<p>Poids maximum de la feuille pour le m\u00e9canisme 90 kg<\/p>\n<p>90kg<\/p>\n<p>Poids maximum de la feuille pour un seul glissement<\/p>\n<p>90kg<\/p>\n<p>\u00c9paisseur du verre 14 mm, 24 mm et 27 mm<\/p>\n<ul>\n<li>Certifications (IFT ROSENHEIM)<\/li>\n<li>Le processus de peinture est certifi\u00e9 et r\u00e9alis\u00e9 selon la norme de peinture europ\u00e9enne QUALICOAT.<\/li>\n<li>Les pi\u00e8ces sont de la soci\u00e9t\u00e9 ROTO.<\/li>\n<li>Les boutons sont de la soci\u00e9t\u00e9 HOPPE.<\/li>\n<li>Les fen\u00eatres sont de GUARDIAN.<\/li>\n<li>Panneau de verre<\/li>\n<\/ul>\n<p>[\/et_pb_tab][et_pb_tab title=\u00a0\u00bbEL 6800 Optimum\u00a0\u00bb _builder_version=\u00a0\u00bb3.0.48&Prime; body_font=\u00a0\u00bb||||\u00a0\u00bb body_line_height=\u00a0\u00bb2em\u00a0\u00bb tab_font=\u00a0\u00bb||||\u00a0\u00bb tab_line_height=\u00a0\u00bb2em\u00a0\u00bb background_size=\u00a0\u00bbinitial\u00a0\u00bb background_position=\u00a0\u00bbtop_left\u00a0\u00bb background_repeat=\u00a0\u00bbrepeat\u00a0\u00bb body_line_height_tablet=\u00a0\u00bb2em\u00a0\u00bb body_line_height_phone=\u00a0\u00bb2em\u00a0\u00bb tab_line_height_tablet=\u00a0\u00bb2em\u00a0\u00bb tab_line_height_phone=\u00a0\u00bb2em\u00a0\u00bb]Robustesse et \u00e9tanch\u00e9it\u00e9 absolue dans les dimensions maximales. R\u00e9sistance aux tentatives d&rsquo;effraction avec un m\u00e9canisme sp\u00e9cial de blocage de levage de la t\u00f4le p\u00e9riph\u00e9rique (en option), avec des coefficients \u00e9lev\u00e9s d&rsquo;isolation thermique &#8211; isolation phonique, avec possibilit\u00e9 d&rsquo;entra\u00eenement \u00e9lectrique et de t\u00e9l\u00e9commande pour une utilisation facile.<\/p>\n<p>&nbsp;<\/p>\n<ul>\n<li>Syst\u00e8me de rupture thermique r\u00e9tractable \u00e0 haute temp\u00e9rature.<\/li>\n<li>Construction robuste avec une ligne \u00e9l\u00e9gante et simple<\/li>\n<li><strong>R\u00e9sistance \u00e0 l&rsquo;effraction certifi\u00e9e <\/strong><strong>Wk<\/strong><\/li>\n<li>Possibilit\u00e9 d&rsquo;installer un m\u00e9canisme r\u00e9tractable 300kg.<\/li>\n<li>Coefficient de perm\u00e9abilit\u00e9 thermique Uw:<\/li>\n<\/ul>\n<p>La coupure thermique est obtenue en installant du polyamide renforc\u00e9 de verre de 24 mm et 14,3 mm.<\/p>\n<ul>\n<li>Pneus \u00e0 technologie EPDM<\/li>\n<li>D\u00e9filement fluide \u00e0 l&rsquo;aide d&rsquo;un guide en acier inoxydable<\/li>\n<li>Typologies: 1) Chevauchement<\/li>\n<\/ul>\n<p>2) Un vantail encastr\u00e9<\/p>\n<p>3) encastr\u00e9 \u00e0 deux vantaux<\/p>\n<ul>\n<li>Dimensions du profil<\/li>\n<\/ul>\n<p>Cadre: largeur 73,7 mm \u00e0 224,1 mm-hauteur 60 mm<\/p>\n<p>Feuille: largeur 65,6 mm-hauteur 101,1 mm<\/p>\n<ul>\n<li>Sp\u00e9cifications des dimensions de construction<\/li>\n<\/ul>\n<p>Largeur maximale des dimensions de la feuille 3000 mm-hauteur 2750 mm<\/p>\n<p>Dimensions minimales de la feuille largeur 750 mm-hauteur 850 mm<\/p>\n<p>Poids maximum de la feuille 300 kg<\/p>\n<p>\u00c9paisseur du verre 10 mm \u00e0 43 mm<\/p>\n<ul>\n<li>Certifications (IFT ROSENHEIM)<\/li>\n<li>Le processus de peinture est certifi\u00e9 et r\u00e9alis\u00e9 selon la norme de peinture europ\u00e9enne QUALICOAT.<\/li>\n<li>Les pi\u00e8ces sont de la soci\u00e9t\u00e9 ROTO.<\/li>\n<li>Les boutons sont de la soci\u00e9t\u00e9 HOPPE.<\/li>\n<li>Les fen\u00eatres sont de GUARDIAN.<\/li>\n<li>Panneau de verre<\/li>\n<\/ul>\n<p>[\/et_pb_tab][\/et_pb_tabs][\/et_pb_column][\/et_pb_row][et_pb_row column_structure=\u00a0\u00bb1_4,1_4,1_4,1_4&Prime; admin_label=\u00a0\u00bb\u03a3\u03b5\u03b9\u03c1\u03ac\u00a0\u00bb _builder_version=\u00a0\u00bb3.25&Prime; background_size=\u00a0\u00bbinitial\u00a0\u00bb background_position=\u00a0\u00bbtop_left\u00a0\u00bb background_repeat=\u00a0\u00bbrepeat\u00a0\u00bb][et_pb_column type=\u00a0\u00bb1_4&Prime; _builder_version=\u00a0\u00bb3.25&Prime; custom_padding=\u00a0\u00bb|||\u00a0\u00bb custom_padding__hover=\u00a0\u00bb|||\u00a0\u00bb][et_pb_image src=\u00a0\u00bbhttps:\/\/www.demenegas.gr\/wp-content\/uploads\/2017\/02\/11.jpg\u00a0\u00bb align_tablet=\u00a0\u00bbcenter\u00a0\u00bb align_phone=\u00a0\u00bb\u00a0\u00bb align_last_edited=\u00a0\u00bbon|desktop\u00a0\u00bb admin_label=\u00a0\u00bb\u0395\u03b9\u03ba\u03cc\u03bd\u03b1\u00a0\u00bb _builder_version=\u00a0\u00bb3.23&Prime; animation_style=\u00a0\u00bbslide\u00a0\u00bb animation_direction=\u00a0\u00bbleft\u00a0\u00bb animation_duration=\u00a0\u00bb500ms\u00a0\u00bb animation_intensity_slide=\u00a0\u00bb10%\u00a0\u00bb use_border_color=\u00a0\u00bboff\u00a0\u00bb border_color=\u00a0\u00bb#ffffff\u00a0\u00bb border_style=\u00a0\u00bbsolid\u00a0\u00bb animation=\u00a0\u00bbleft\u00a0\u00bb sticky=\u00a0\u00bboff\u00a0\u00bb always_center_on_mobile=\u00a0\u00bbon\u00a0\u00bb] [\/et_pb_image][\/et_pb_column][et_pb_column type=\u00a0\u00bb1_4&Prime; _builder_version=\u00a0\u00bb3.25&Prime; custom_padding=\u00a0\u00bb|||\u00a0\u00bb custom_padding__hover=\u00a0\u00bb|||\u00a0\u00bb][et_pb_image src=\u00a0\u00bbhttps:\/\/www.demenegas.gr\/wp-content\/uploads\/2017\/02\/Hoppe.jpg\u00a0\u00bb align_tablet=\u00a0\u00bbcenter\u00a0\u00bb align_phone=\u00a0\u00bb\u00a0\u00bb align_last_edited=\u00a0\u00bbon|desktop\u00a0\u00bb admin_label=\u00a0\u00bb\u0395\u03b9\u03ba\u03cc\u03bd\u03b1\u00a0\u00bb _builder_version=\u00a0\u00bb3.23&Prime; animation_style=\u00a0\u00bbslide\u00a0\u00bb animation_direction=\u00a0\u00bbleft\u00a0\u00bb animation_duration=\u00a0\u00bb500ms\u00a0\u00bb animation_intensity_slide=\u00a0\u00bb10%\u00a0\u00bb use_border_color=\u00a0\u00bboff\u00a0\u00bb border_color=\u00a0\u00bb#ffffff\u00a0\u00bb border_style=\u00a0\u00bbsolid\u00a0\u00bb animation=\u00a0\u00bbleft\u00a0\u00bb sticky=\u00a0\u00bboff\u00a0\u00bb always_center_on_mobile=\u00a0\u00bbon\u00a0\u00bb] [\/et_pb_image][\/et_pb_column][et_pb_column type=\u00a0\u00bb1_4&Prime; _builder_version=\u00a0\u00bb3.25&Prime; custom_padding=\u00a0\u00bb|||\u00a0\u00bb custom_padding__hover=\u00a0\u00bb|||\u00a0\u00bb][et_pb_image src=\u00a0\u00bbhttps:\/\/www.demenegas.gr\/wp-content\/uploads\/2017\/02\/Hautau-Small.jpg\u00a0\u00bb align_tablet=\u00a0\u00bbcenter\u00a0\u00bb align_phone=\u00a0\u00bb\u00a0\u00bb align_last_edited=\u00a0\u00bbon|desktop\u00a0\u00bb admin_label=\u00a0\u00bb\u0395\u03b9\u03ba\u03cc\u03bd\u03b1\u00a0\u00bb _builder_version=\u00a0\u00bb3.23&Prime; animation_style=\u00a0\u00bbslide\u00a0\u00bb animation_direction=\u00a0\u00bbleft\u00a0\u00bb animation_duration=\u00a0\u00bb500ms\u00a0\u00bb animation_intensity_slide=\u00a0\u00bb10%\u00a0\u00bb use_border_color=\u00a0\u00bboff\u00a0\u00bb border_color=\u00a0\u00bb#ffffff\u00a0\u00bb border_style=\u00a0\u00bbsolid\u00a0\u00bb animation=\u00a0\u00bbleft\u00a0\u00bb sticky=\u00a0\u00bboff\u00a0\u00bb always_center_on_mobile=\u00a0\u00bbon\u00a0\u00bb] [\/et_pb_image][\/et_pb_column][et_pb_column type=\u00a0\u00bb1_4&Prime; _builder_version=\u00a0\u00bb3.25&Prime; custom_padding=\u00a0\u00bb|||\u00a0\u00bb custom_padding__hover=\u00a0\u00bb|||\u00a0\u00bb][et_pb_image src=\u00a0\u00bbhttps:\/\/www.demenegas.gr\/wp-content\/uploads\/2017\/02\/NEOKEM.png\u00a0\u00bb align_tablet=\u00a0\u00bbcenter\u00a0\u00bb align_phone=\u00a0\u00bb\u00a0\u00bb align_last_edited=\u00a0\u00bbon|desktop\u00a0\u00bb admin_label=\u00a0\u00bb\u0395\u03b9\u03ba\u03cc\u03bd\u03b1\u00a0\u00bb _builder_version=\u00a0\u00bb3.23&Prime; animation_style=\u00a0\u00bbslide\u00a0\u00bb animation_direction=\u00a0\u00bbleft\u00a0\u00bb animation_duration=\u00a0\u00bb500ms\u00a0\u00bb animation_intensity_slide=\u00a0\u00bb10%\u00a0\u00bb use_border_color=\u00a0\u00bboff\u00a0\u00bb border_color=\u00a0\u00bb#ffffff\u00a0\u00bb border_style=\u00a0\u00bbsolid\u00a0\u00bb animation=\u00a0\u00bbleft\u00a0\u00bb sticky=\u00a0\u00bboff\u00a0\u00bb always_center_on_mobile=\u00a0\u00bbon\u00a0\u00bb] [\/et_pb_image][\/et_pb_column][\/et_pb_row][\/et_pb_section]<\/p>\n","protected":false},"excerpt":{"rendered":"<p>Syst\u00e8mes coulissants en aluminium r\u00e9pondant \u00e0 toutes les exigences modernes. Fabriqu\u00e9 et certifi\u00e9 pour offrir: S\u00e9curit\u00e9 Isolation thermique Perm\u00e9abilit\u00e9 \u00e0 l&rsquo;air Imperm\u00e9abilisation R\u00e9duction sonore &nbsp; Le premier syst\u00e8me coulissant verticalement avec une r\u00e9sistance \u00e0 l\u2019effraction certifi\u00e9e et l\u2019\u00e9tanch\u00e9it\u00e9 dans une temp\u00eate de force 9 selon l\u2019\u00e9chelle de Beaufort par l\u2019institut allemand ift Rosenheim. Variante simple [&hellip;]<\/p>\n","protected":false},"author":1,"featured_media":0,"parent":0,"menu_order":0,"comment_status":"closed","ping_status":"closed","template":"","meta":{"_et_pb_use_builder":"on","_et_pb_old_content":"","_et_gb_content_width":"","footnotes":""},"class_list":["post-6172","page","type-page","status-publish","hentry"],"_links":{"self":[{"href":"https:\/\/www.demenegas.gr\/fr\/wp-json\/wp\/v2\/pages\/6172","targetHints":{"allow":["GET"]}}],"collection":[{"href":"https:\/\/www.demenegas.gr\/fr\/wp-json\/wp\/v2\/pages"}],"about":[{"href":"https:\/\/www.demenegas.gr\/fr\/wp-json\/wp\/v2\/types\/page"}],"author":[{"embeddable":true,"href":"https:\/\/www.demenegas.gr\/fr\/wp-json\/wp\/v2\/users\/1"}],"replies":[{"embeddable":true,"href":"https:\/\/www.demenegas.gr\/fr\/wp-json\/wp\/v2\/comments?post=6172"}],"version-history":[{"count":9,"href":"https:\/\/www.demenegas.gr\/fr\/wp-json\/wp\/v2\/pages\/6172\/revisions"}],"predecessor-version":[{"id":6181,"href":"https:\/\/www.demenegas.gr\/fr\/wp-json\/wp\/v2\/pages\/6172\/revisions\/6181"}],"wp:attachment":[{"href":"https:\/\/www.demenegas.gr\/fr\/wp-json\/wp\/v2\/media?parent=6172"}],"curies":[{"name":"wp","href":"https:\/\/api.w.org\/{rel}","templated":true}]}}